{"id":12,"date":"2012-10-02T19:49:10","date_gmt":"2012-10-02T16:49:10","guid":{"rendered":"http:\/\/www.erfrees.ee\/?page_id=12"},"modified":"2014-08-28T13:59:34","modified_gmt":"2014-08-28T10:59:34","slug":"teenused","status":"publish","type":"page","link":"https:\/\/www.erfrees.ee\/?page_id=12","title":{"rendered":"Teenused"},"content":{"rendered":"<table style=\"width: 840px;\" border=\"0\">\n<tbody>\n<tr>\n<td><span style=\"color: #000000;\">\u00a0<\/span><\/td>\n<td><span style=\"color: #000000;\">\u00a0 \u00a0 \u00a0<span style=\"text-decoration: underline;\">Materjalid:<\/span><\/span><\/td>\n<td><span style=\"color: #000000;\">\u00a0 \u00a0 \u00a0<span style=\"text-decoration: underline;\">Viimistlusmaterjalid:<\/span><\/span><\/td>\n<td><span style=\"color: #000000;\">\u00a0 \u00a0 \u00a0<span style=\"text-decoration: underline;\">Erit\u00f6\u00f6tlusena pakume:<\/span><\/span><\/td>\n<\/tr>\n<tr>\n<td>\n<ul>\n<li><span style=\"color: #000000;\">sisekujundusprojektid<\/span><\/li>\n<li><span style=\"color: #000000;\">m\u00f6\u00f6bli disainlahendused<\/span><\/li>\n<li><span style=\"color: #000000;\">m\u00f5\u00f5duv\u00f5tmine<\/span><\/li>\n<li><span style=\"color: #000000;\">transport<br \/>\n<\/span><\/li>\n<li><span style=\"color: #000000;\">kogu tootevaliku paigaldus<\/span><\/li>\n<\/ul>\n<\/td>\n<td>\n<ul>\n<li><span style=\"color: #000000;\">t\u00e4ispuit<\/span><\/li>\n<li><span style=\"color: #000000;\">melamiinplaat<\/span><\/li>\n<li><span style=\"color: #000000;\">MDF plaat<\/span><\/li>\n<li><span style=\"color: #000000;\">spoon<\/span><\/li>\n<li><span style=\"color: #000000;\">laminaat<\/span><\/li>\n<\/ul>\n<\/td>\n<td>\n<ul>\n<li><span style=\"color: #000000;\">antiikvaha<\/span><\/li>\n<li><span style=\"color: #000000;\">peits (v\u00e4rvivalik)<\/span><\/li>\n<li><span style=\"color: #000000;\">\u00f5li<br \/>\n<\/span><\/li>\n<li><span style=\"color: #000000;\">lakk (l\u00e4ikiv, matt)<\/span><\/li>\n<li><span style=\"color: #000000;\">v\u00e4rvid (Tikkurila)<\/span><\/li>\n<\/ul>\n<\/td>\n<td>\n<ul>\n<li><span style=\"color: #000000;\">kulutatud ja lohutatud stiili<\/span><\/li>\n<li><span style=\"color: #000000;\">koitatud ja lohutatud stiili<\/span><\/li>\n<li><span style=\"color: #000000;\">talupojastiili<\/span><\/li>\n<li><span style=\"color: #000000;\">liivapritsit\u00f6\u00f6tlust<\/span><\/li>\n<\/ul>\n<\/td>\n<\/tr>\n<\/tbody>\n<\/table>\n<p>&nbsp;<\/p>\n<p><span style=\"text-decoration: underline; color: #000000;\">K\u00f6\u00f6gitehnika valik:<br \/>\n<\/span><\/p>\n<p><a href=\"http:\/\/www.zanussi.com\" target=\"_blank\"><img loading=\"lazy\" decoding=\"async\" class=\"alignnone  wp-image-101\" title=\"ZANUSSI\" src=\"http:\/\/www.erfrees.ee\/wp-content\/uploads\/2012\/10\/ZANUSSI.png\" alt=\"\" width=\"41\" height=\"11\" \/><\/a>\u00a0 \u00a0 \u00a0\u00a0<a href=\"http:\/\/www.electrolux.ee\" target=\"_blank\"><img loading=\"lazy\" decoding=\"async\" class=\"alignnone  wp-image-107\" title=\"electrolux\" src=\"http:\/\/www.erfrees.ee\/wp-content\/uploads\/2012\/10\/electrolux1.png\" alt=\"\" width=\"86\" height=\"11\" \/><\/a>\u00a0 \u00a0 \u00a0\u00a0<a href=\"http:\/\/www.aeg.com\" target=\"_blank\"><img loading=\"lazy\" decoding=\"async\" class=\"alignnone  wp-image-109\" title=\"aeg\" src=\"http:\/\/www.erfrees.ee\/wp-content\/uploads\/2012\/10\/aeg.png\" alt=\"\" width=\"37\" height=\"11\" \/><\/a>\u00a0 \u00a0 \u00a0<a href=\"http:\/\/www.brandt.com\" target=\"_blank\"><img loading=\"lazy\" decoding=\"async\" class=\"alignnone  wp-image-112\" title=\"Brandt\" src=\"http:\/\/www.erfrees.ee\/wp-content\/uploads\/2012\/10\/Brandt.png\" alt=\"\" width=\"71\" height=\"11\" \/><\/a>\u00a0 \u00a0 \u00a0<a href=\"http:\/\/www.bosch.ee\" target=\"_blank\"><img loading=\"lazy\" decoding=\"async\" class=\"alignnone  wp-image-115\" title=\"bosch\" src=\"http:\/\/www.erfrees.ee\/wp-content\/uploads\/2012\/10\/bosch.png\" alt=\"\" width=\"46\" height=\"11\" \/><\/a>\u00a0 \u00a0 \u00a0<a href=\"http:\/\/www.siemens.ee\" target=\"_blank\"><img loading=\"lazy\" decoding=\"async\" class=\"alignnone  wp-image-118\" title=\"siemens\" src=\"http:\/\/www.erfrees.ee\/wp-content\/uploads\/2012\/10\/siemens.png\" alt=\"\" width=\"58\" height=\"9\" \/><\/a>\u00a0 \u00a0 \u00a0<a href=\"http:\/\/www.samsung.com\" target=\"_blank\"><img loading=\"lazy\" decoding=\"async\" class=\"alignnone  wp-image-120\" title=\"samsung\" src=\"http:\/\/www.erfrees.ee\/wp-content\/uploads\/2012\/10\/samsung.png\" alt=\"\" width=\"66\" height=\"10\" \/><\/a>\u00a0 \u00a0 \u00a0<a href=\"http:\/\/www.whirlpool.ee\" target=\"_blank\"><img loading=\"lazy\" decoding=\"async\" class=\"alignnone  wp-image-123\" title=\"Whirlpool\" src=\"http:\/\/www.erfrees.ee\/wp-content\/uploads\/2012\/10\/Whirlpool1.png\" alt=\"\" width=\"60\" height=\"20\" \/><\/a>\u00a0 \u00a0 \u00a0<a href=\"http:\/\/www.erfrees.ee\/wp-content\/uploads\/2012\/10\/hansa.png\"><img loading=\"lazy\" decoding=\"async\" class=\"alignnone  wp-image-126\" title=\"hansa\" src=\"http:\/\/www.erfrees.ee\/wp-content\/uploads\/2012\/10\/hansa.png\" alt=\"\" width=\"65\" height=\"11\" \/><\/a><\/p>\n","protected":false},"excerpt":{"rendered":"<p>\u00a0 \u00a0 \u00a0 \u00a0Materjalid: \u00a0 \u00a0 \u00a0Viimistlusmaterjalid: \u00a0 \u00a0 \u00a0Erit\u00f6\u00f6tlusena pakume: sisekujundusprojektid m\u00f6\u00f6bli disainlahendused m\u00f5\u00f5duv\u00f5tmine transport kogu tootevaliku paigaldus t\u00e4ispuit melamiinplaat MDF plaat spoon laminaat antiikvaha peits (v\u00e4rvivalik) \u00f5li lakk (l\u00e4ikiv, matt) v\u00e4rvid (Tikkurila) kulutatud ja lohutatud stiili koitatud ja lohutatud stiili talupojastiili liivapritsit\u00f6\u00f6tlust &nbsp; K\u00f6\u00f6gitehnika valik: \u00a0 \u00a0 \u00a0\u00a0\u00a0 \u00a0 \u00a0\u00a0\u00a0 \u00a0 \u00a0\u00a0 \u00a0 [&hellip;]<\/p>\n","protected":false},"author":1,"featured_media":0,"parent":0,"menu_order":0,"comment_status":"open","ping_status":"closed","template":"","meta":{"_monsterinsights_skip_tracking":false,"_monsterinsights_sitenote_active":false,"_monsterinsights_sitenote_note":"","_monsterinsights_sitenote_category":0,"footnotes":""},"class_list":["post-12","page","type-page","status-publish","hentry"],"yoast_head":"<!-- This site is optimized with the Yoast SEO plugin v24.2 - https:\/\/yoast.com\/wordpress\/plugins\/seo\/ -->\n<title>Teenused - erFrees<\/title>\n<meta name=\"robots\" content=\"index, follow, max-snippet:-1, max-image-preview:large, max-video-preview:-1\" \/>\n<link rel=\"canonical\" href=\"https:\/\/www.erfrees.ee\/?page_id=12\" \/>\n<meta property=\"og:locale\" content=\"et_EE\" \/>\n<meta property=\"og:type\" content=\"article\" \/>\n<meta property=\"og:title\" content=\"Teenused - erFrees\" \/>\n<meta property=\"og:description\" content=\"\u00a0 \u00a0 \u00a0 \u00a0Materjalid: \u00a0 \u00a0 \u00a0Viimistlusmaterjalid: \u00a0 \u00a0 \u00a0Erit\u00f6\u00f6tlusena pakume: sisekujundusprojektid m\u00f6\u00f6bli disainlahendused m\u00f5\u00f5duv\u00f5tmine transport kogu tootevaliku paigaldus t\u00e4ispuit melamiinplaat MDF plaat spoon laminaat antiikvaha peits (v\u00e4rvivalik) \u00f5li lakk (l\u00e4ikiv, matt) v\u00e4rvid (Tikkurila) kulutatud ja lohutatud stiili koitatud ja lohutatud stiili talupojastiili liivapritsit\u00f6\u00f6tlust &nbsp; K\u00f6\u00f6gitehnika valik: \u00a0 \u00a0 \u00a0\u00a0\u00a0 \u00a0 \u00a0\u00a0\u00a0 \u00a0 \u00a0\u00a0 \u00a0 [&hellip;]\" \/>\n<meta property=\"og:url\" content=\"https:\/\/www.erfrees.ee\/?page_id=12\" \/>\n<meta property=\"og:site_name\" content=\"erFrees\" \/>\n<meta property=\"article:modified_time\" content=\"2014-08-28T10:59:34+00:00\" \/>\n<meta property=\"og:image\" content=\"http:\/\/www.erfrees.ee\/wp-content\/uploads\/2012\/10\/ZANUSSI.png\" \/>\n<meta name=\"twitter:card\" content=\"summary_large_image\" \/>\n<script type=\"application\/ld+json\" class=\"yoast-schema-graph\">{\"@context\":\"https:\/\/schema.org\",\"@graph\":[{\"@type\":\"WebPage\",\"@id\":\"https:\/\/www.erfrees.ee\/?page_id=12\",\"url\":\"https:\/\/www.erfrees.ee\/?page_id=12\",\"name\":\"Teenused - erFrees\",\"isPartOf\":{\"@id\":\"https:\/\/www.erfrees.ee\/#website\"},\"primaryImageOfPage\":{\"@id\":\"https:\/\/www.erfrees.ee\/?page_id=12#primaryimage\"},\"image\":{\"@id\":\"https:\/\/www.erfrees.ee\/?page_id=12#primaryimage\"},\"thumbnailUrl\":\"http:\/\/www.erfrees.ee\/wp-content\/uploads\/2012\/10\/ZANUSSI.png\",\"datePublished\":\"2012-10-02T16:49:10+00:00\",\"dateModified\":\"2014-08-28T10:59:34+00:00\",\"breadcrumb\":{\"@id\":\"https:\/\/www.erfrees.ee\/?page_id=12#breadcrumb\"},\"inLanguage\":\"et\",\"potentialAction\":[{\"@type\":\"ReadAction\",\"target\":[\"https:\/\/www.erfrees.ee\/?page_id=12\"]}]},{\"@type\":\"ImageObject\",\"inLanguage\":\"et\",\"@id\":\"https:\/\/www.erfrees.ee\/?page_id=12#primaryimage\",\"url\":\"http:\/\/www.erfrees.ee\/wp-content\/uploads\/2012\/10\/ZANUSSI.png\",\"contentUrl\":\"http:\/\/www.erfrees.ee\/wp-content\/uploads\/2012\/10\/ZANUSSI.png\"},{\"@type\":\"BreadcrumbList\",\"@id\":\"https:\/\/www.erfrees.ee\/?page_id=12#breadcrumb\",\"itemListElement\":[{\"@type\":\"ListItem\",\"position\":1,\"name\":\"Home\",\"item\":\"https:\/\/www.erfrees.ee\/\"},{\"@type\":\"ListItem\",\"position\":2,\"name\":\"Teenused\"}]},{\"@type\":\"WebSite\",\"@id\":\"https:\/\/www.erfrees.ee\/#website\",\"url\":\"https:\/\/www.erfrees.ee\/\",\"name\":\"erFrees\",\"description\":\"\",\"potentialAction\":[{\"@type\":\"SearchAction\",\"target\":{\"@type\":\"EntryPoint\",\"urlTemplate\":\"https:\/\/www.erfrees.ee\/?s={search_term_string}\"},\"query-input\":{\"@type\":\"PropertyValueSpecification\",\"valueRequired\":true,\"valueName\":\"search_term_string\"}}],\"inLanguage\":\"et\"}]}<\/script>\n<!-- \/ Yoast SEO plugin. -->","yoast_head_json":{"title":"Teenused - erFrees","robots":{"index":"index","follow":"follow","max-snippet":"max-snippet:-1","max-image-preview":"max-image-preview:large","max-video-preview":"max-video-preview:-1"},"canonical":"https:\/\/www.erfrees.ee\/?page_id=12","og_locale":"et_EE","og_type":"article","og_title":"Teenused - erFrees","og_description":"\u00a0 \u00a0 \u00a0 \u00a0Materjalid: \u00a0 \u00a0 \u00a0Viimistlusmaterjalid: \u00a0 \u00a0 \u00a0Erit\u00f6\u00f6tlusena pakume: sisekujundusprojektid m\u00f6\u00f6bli disainlahendused m\u00f5\u00f5duv\u00f5tmine transport kogu tootevaliku paigaldus t\u00e4ispuit melamiinplaat MDF plaat spoon laminaat antiikvaha peits (v\u00e4rvivalik) \u00f5li lakk (l\u00e4ikiv, matt) v\u00e4rvid (Tikkurila) kulutatud ja lohutatud stiili koitatud ja lohutatud stiili talupojastiili liivapritsit\u00f6\u00f6tlust &nbsp; K\u00f6\u00f6gitehnika valik: \u00a0 \u00a0 \u00a0\u00a0\u00a0 \u00a0 \u00a0\u00a0\u00a0 \u00a0 \u00a0\u00a0 \u00a0 [&hellip;]","og_url":"https:\/\/www.erfrees.ee\/?page_id=12","og_site_name":"erFrees","article_modified_time":"2014-08-28T10:59:34+00:00","og_image":[{"url":"http:\/\/www.erfrees.ee\/wp-content\/uploads\/2012\/10\/ZANUSSI.png","type":"","width":"","height":""}],"twitter_card":"summary_large_image","schema":{"@context":"https:\/\/schema.org","@graph":[{"@type":"WebPage","@id":"https:\/\/www.erfrees.ee\/?page_id=12","url":"https:\/\/www.erfrees.ee\/?page_id=12","name":"Teenused - erFrees","isPartOf":{"@id":"https:\/\/www.erfrees.ee\/#website"},"primaryImageOfPage":{"@id":"https:\/\/www.erfrees.ee\/?page_id=12#primaryimage"},"image":{"@id":"https:\/\/www.erfrees.ee\/?page_id=12#primaryimage"},"thumbnailUrl":"http:\/\/www.erfrees.ee\/wp-content\/uploads\/2012\/10\/ZANUSSI.png","datePublished":"2012-10-02T16:49:10+00:00","dateModified":"2014-08-28T10:59:34+00:00","breadcrumb":{"@id":"https:\/\/www.erfrees.ee\/?page_id=12#breadcrumb"},"inLanguage":"et","potentialAction":[{"@type":"ReadAction","target":["https:\/\/www.erfrees.ee\/?page_id=12"]}]},{"@type":"ImageObject","inLanguage":"et","@id":"https:\/\/www.erfrees.ee\/?page_id=12#primaryimage","url":"http:\/\/www.erfrees.ee\/wp-content\/uploads\/2012\/10\/ZANUSSI.png","contentUrl":"http:\/\/www.erfrees.ee\/wp-content\/uploads\/2012\/10\/ZANUSSI.png"},{"@type":"BreadcrumbList","@id":"https:\/\/www.erfrees.ee\/?page_id=12#breadcrumb","itemListElement":[{"@type":"ListItem","position":1,"name":"Home","item":"https:\/\/www.erfrees.ee\/"},{"@type":"ListItem","position":2,"name":"Teenused"}]},{"@type":"WebSite","@id":"https:\/\/www.erfrees.ee\/#website","url":"https:\/\/www.erfrees.ee\/","name":"erFrees","description":"","potentialAction":[{"@type":"SearchAction","target":{"@type":"EntryPoint","urlTemplate":"https:\/\/www.erfrees.ee\/?s={search_term_string}"},"query-input":{"@type":"PropertyValueSpecification","valueRequired":true,"valueName":"search_term_string"}}],"inLanguage":"et"}]}},"_links":{"self":[{"href":"https:\/\/www.erfrees.ee\/index.php?rest_route=\/wp\/v2\/pages\/12","targetHints":{"allow":["GET"]}}],"collection":[{"href":"https:\/\/www.erfrees.ee\/index.php?rest_route=\/wp\/v2\/pages"}],"about":[{"href":"https:\/\/www.erfrees.ee\/index.php?rest_route=\/wp\/v2\/types\/page"}],"author":[{"embeddable":true,"href":"https:\/\/www.erfrees.ee\/index.php?rest_route=\/wp\/v2\/users\/1"}],"replies":[{"embeddable":true,"href":"https:\/\/www.erfrees.ee\/index.php?rest_route=%2Fwp%2Fv2%2Fcomments&post=12"}],"version-history":[{"count":5,"href":"https:\/\/www.erfrees.ee\/index.php?rest_route=\/wp\/v2\/pages\/12\/revisions"}],"predecessor-version":[{"id":574,"href":"https:\/\/www.erfrees.ee\/index.php?rest_route=\/wp\/v2\/pages\/12\/revisions\/574"}],"wp:attachment":[{"href":"https:\/\/www.erfrees.ee\/index.php?rest_route=%2Fwp%2Fv2%2Fmedia&parent=12"}],"curies":[{"name":"wp","href":"https:\/\/api.w.org\/{rel}","templated":true}]}}