{"id":8,"date":"2012-10-02T19:48:45","date_gmt":"2012-10-02T16:48:45","guid":{"rendered":"http:\/\/www.erfrees.ee\/?page_id=8"},"modified":"2014-08-28T14:15:00","modified_gmt":"2014-08-28T11:15:00","slug":"firmast","status":"publish","type":"page","link":"https:\/\/www.erfrees.ee\/?page_id=8","title":{"rendered":"Firmast"},"content":{"rendered":"<table style=\"width: 840px;\" border=\"0\">\n<tbody>\n<tr>\n<td width=\"574\">ER Frees O\u00dc on 100% eesti kapitalil p\u00f5hinev ettev\u00f5te, mis tegutseb aastast 1989.Teil on v\u00f5imalik tellida \u00fchest kohast kogu korteri, eramu v\u00f5i \u00e4rihoone sisustuse, lisaks veel uksed, aknad ja trepid. Pakume omapoolset abi ja n\u00f5uandeid Teile parima lahenduse leidmiseks.<\/p>\n<p>Meie kogemustega n\u00f5ustajad ootavad Teid Betooni tn.9, N\u00e4pi alevik, S\u00f5meru vald, tootmisesinduses. Vajadusel tuleme koju v\u00f5i kohtume Teile sobivas kohas, Teile sobival ajal.<\/p>\n<p>Kui korteri\/maja ehitus v\u00f5i remont on alanud, tasub kaaluda <strong>tervikalahenduste<\/strong> otsimist. Nii avat\u00e4ited, trepid ja m\u00f6\u00f6bel \u00fchest kohast! Kindlasti tuleb tulemus odavam, v\u00f5imalike toonide erinevusi saab v\u00e4ltida ja kujunduse poolelt on v\u00f5imalk igat pisidetaili lahti r\u00e4\u00e4kida ning paika sobitada.<\/p>\n<p>Paigalduse ja transpordi eest ei pea muretsema ja igak\u00fclgse n\u00f5uga on abiks kogenud spetsialistid.<\/p>\n<p><strong>Eritellimusm\u00f6\u00f6bli<\/strong> alla kuulub k\u00f6\u00f6gim\u00f6\u00f6bel, m\u00f6\u00f6bel teistesse eluruumidesse ning \u00fchiskondlike ruumide m\u00f6\u00f6bel.<\/p>\n<p>Iga eritellimusel valminud m\u00f6\u00f6bli puhul arvestatakse kliendi soovide ja vajadustega, ruumide m\u00f5\u00f5tude ja omap\u00e4raga. Nii saavutatakse parimad tulemused, v\u00e4\u00e4rtuslik m\u00f6\u00f6bel ja isikup\u00e4rased lahendused.<\/p>\n<p>T\u00e4ispuit on j\u00e4lle au sees ja see teeb r\u00f5\u00f5mu. T\u00e4ispuidust m\u00f6\u00f6blil on ajalik v\u00e4\u00e4rtus, seda saab p\u00e4randada ka j\u00e4reltulevatele p\u00f5lvedele. Puitu saab t\u00f6\u00f6delda erinevaid viimistlusv\u00f5tteid kasutades v\u00e4ga huvitavaks ja ilmekaks. Olgu selleks siis kulutamine, patina t\u00f6\u00f6tlus, vanutamine, v\u00e4rvimine mitme eri v\u00e4rviga jne.<\/p>\n<p><strong>Garderoobid ja l\u00fckanduksed<\/strong> on v\u00e4ga aktuaalne teema. H\u00e4sti l\u00e4bim\u00f5eldud panipaik on eluruumide oluline osa, v\u00f5imaldab ruumi efektiivselt ja paindlikult liigendada ja v\u00f5ib kujuneda suurep\u00e4raseks sisustuselemendiks teie kodus.<\/p>\n<p><strong>Aknad<\/strong> on p\u00f5hiliselt klassikalised sisse-v\u00e4lja avanevad ja MSE-t\u00fc\u00fcpi, kahekordse sissepoole avaneva raamiga.\u201eNorra\u201c t\u00fc\u00fcpi aknad sobivad palkmajadele. Erikujulised ja muinsuskaitse n\u00f5uetele vastavad aknad on n\u00f5utud milj\u00f6\u00f6v\u00e4\u00e4rtuslikes tsoonides.<\/p>\n<p><strong>Uksed <\/strong>aitavad luua kodu- ja turvatunnet. Peale selle peavad uksed olema soliidse v\u00e4limusega kuna just uks on see, mis j\u00e4\u00e4b sisenejale k\u00f5igepealt silma. Uksed on kliendi soovide kohaselt kas t\u00e4ispuidust, spoonitud v\u00f5i v\u00e4rvitud sise- ja v\u00e4lisuksed. Valmistame ka tulet\u00f5kkeuksi.<\/p>\n<p><strong>Trepp<\/strong> on kaasaegse arhitektuuri oluline osa. Iga trepp on unikaalne ja peab sobima sisekujundusega ning sulanduma interj\u00f5\u00f5ri. Tellida saab nii puidust kui ka spoonitud treppe erinevatel konstruktsioonidel (puit, metall, sepis).<\/p>\n<p>Aastate jooksul on ER Freesi O\u00dc m\u00f6\u00f6bel ja avat\u00e4ited j\u00f5udnud Soome, Rootsi, Norrasse ja Hollandisse. \u00dclekaalukalt loomulikult eesti t\u00e4nuv\u00e4\u00e4rsete klientideni.<\/td>\n<td width=\"256\">\n<div align=\"right\"><img loading=\"lazy\" decoding=\"async\" class=\"alignright size-full wp-image-552\" src=\"http:\/\/www.erfrees.ee\/wp-content\/uploads\/2014\/08\/ribbon_3.jpg\" alt=\"\" width=\"223\" height=\"1279\" \/><\/div>\n<\/td>\n<\/tr>\n<\/tbody>\n<\/table>\n","protected":false},"excerpt":{"rendered":"<p>ER Frees O\u00dc on 100% eesti kapitalil p\u00f5hinev ettev\u00f5te, mis tegutseb aastast 1989.Teil on v\u00f5imalik tellida \u00fchest kohast kogu korteri, eramu v\u00f5i \u00e4rihoone sisustuse, lisaks veel uksed, aknad ja trepid. Pakume omapoolset abi ja n\u00f5uandeid Teile parima lahenduse leidmiseks. Meie kogemustega n\u00f5ustajad ootavad Teid Betooni tn.9, N\u00e4pi alevik, S\u00f5meru vald, tootmisesinduses. Vajadusel tuleme koju v\u00f5i [&hellip;]<\/p>\n","protected":false},"author":1,"featured_media":0,"parent":0,"menu_order":0,"comment_status":"open","ping_status":"closed","template":"","meta":{"_monsterinsights_skip_tracking":false,"_monsterinsights_sitenote_active":false,"_monsterinsights_sitenote_note":"","_monsterinsights_sitenote_category":0,"footnotes":""},"class_list":["post-8","page","type-page","status-publish","hentry"],"yoast_head":"<!-- This site is optimized with the Yoast SEO plugin v24.2 - https:\/\/yoast.com\/wordpress\/plugins\/seo\/ -->\n<title>Firmast - erFrees<\/title>\n<meta name=\"robots\" content=\"index, follow, max-snippet:-1, max-image-preview:large, max-video-preview:-1\" \/>\n<link rel=\"canonical\" href=\"https:\/\/www.erfrees.ee\/?page_id=8\" \/>\n<meta property=\"og:locale\" content=\"et_EE\" \/>\n<meta property=\"og:type\" content=\"article\" \/>\n<meta property=\"og:title\" content=\"Firmast - erFrees\" \/>\n<meta property=\"og:description\" content=\"ER Frees O\u00dc on 100% eesti kapitalil p\u00f5hinev ettev\u00f5te, mis tegutseb aastast 1989.Teil on v\u00f5imalik tellida \u00fchest kohast kogu korteri, eramu v\u00f5i \u00e4rihoone sisustuse, lisaks veel uksed, aknad ja trepid. Pakume omapoolset abi ja n\u00f5uandeid Teile parima lahenduse leidmiseks. Meie kogemustega n\u00f5ustajad ootavad Teid Betooni tn.9, N\u00e4pi alevik, S\u00f5meru vald, tootmisesinduses. Vajadusel tuleme koju v\u00f5i [&hellip;]\" \/>\n<meta property=\"og:url\" content=\"https:\/\/www.erfrees.ee\/?page_id=8\" \/>\n<meta property=\"og:site_name\" content=\"erFrees\" \/>\n<meta property=\"article:modified_time\" content=\"2014-08-28T11:15:00+00:00\" \/>\n<meta property=\"og:image\" content=\"http:\/\/www.erfrees.ee\/wp-content\/uploads\/2014\/08\/ribbon_3.jpg\" \/>\n<meta name=\"twitter:card\" content=\"summary_large_image\" \/>\n<meta name=\"twitter:label1\" content=\"Est. reading time\" \/>\n\t<meta name=\"twitter:data1\" content=\"2 minutit\" \/>\n<script type=\"application\/ld+json\" class=\"yoast-schema-graph\">{\"@context\":\"https:\/\/schema.org\",\"@graph\":[{\"@type\":\"WebPage\",\"@id\":\"https:\/\/www.erfrees.ee\/?page_id=8\",\"url\":\"https:\/\/www.erfrees.ee\/?page_id=8\",\"name\":\"Firmast - erFrees\",\"isPartOf\":{\"@id\":\"https:\/\/www.erfrees.ee\/#website\"},\"primaryImageOfPage\":{\"@id\":\"https:\/\/www.erfrees.ee\/?page_id=8#primaryimage\"},\"image\":{\"@id\":\"https:\/\/www.erfrees.ee\/?page_id=8#primaryimage\"},\"thumbnailUrl\":\"http:\/\/www.erfrees.ee\/wp-content\/uploads\/2014\/08\/ribbon_3.jpg\",\"datePublished\":\"2012-10-02T16:48:45+00:00\",\"dateModified\":\"2014-08-28T11:15:00+00:00\",\"breadcrumb\":{\"@id\":\"https:\/\/www.erfrees.ee\/?page_id=8#breadcrumb\"},\"inLanguage\":\"et\",\"potentialAction\":[{\"@type\":\"ReadAction\",\"target\":[\"https:\/\/www.erfrees.ee\/?page_id=8\"]}]},{\"@type\":\"ImageObject\",\"inLanguage\":\"et\",\"@id\":\"https:\/\/www.erfrees.ee\/?page_id=8#primaryimage\",\"url\":\"http:\/\/www.erfrees.ee\/wp-content\/uploads\/2014\/08\/ribbon_3.jpg\",\"contentUrl\":\"http:\/\/www.erfrees.ee\/wp-content\/uploads\/2014\/08\/ribbon_3.jpg\"},{\"@type\":\"BreadcrumbList\",\"@id\":\"https:\/\/www.erfrees.ee\/?page_id=8#breadcrumb\",\"itemListElement\":[{\"@type\":\"ListItem\",\"position\":1,\"name\":\"Home\",\"item\":\"https:\/\/www.erfrees.ee\/\"},{\"@type\":\"ListItem\",\"position\":2,\"name\":\"Firmast\"}]},{\"@type\":\"WebSite\",\"@id\":\"https:\/\/www.erfrees.ee\/#website\",\"url\":\"https:\/\/www.erfrees.ee\/\",\"name\":\"erFrees\",\"description\":\"\",\"potentialAction\":[{\"@type\":\"SearchAction\",\"target\":{\"@type\":\"EntryPoint\",\"urlTemplate\":\"https:\/\/www.erfrees.ee\/?s={search_term_string}\"},\"query-input\":{\"@type\":\"PropertyValueSpecification\",\"valueRequired\":true,\"valueName\":\"search_term_string\"}}],\"inLanguage\":\"et\"}]}<\/script>\n<!-- \/ Yoast SEO plugin. -->","yoast_head_json":{"title":"Firmast - erFrees","robots":{"index":"index","follow":"follow","max-snippet":"max-snippet:-1","max-image-preview":"max-image-preview:large","max-video-preview":"max-video-preview:-1"},"canonical":"https:\/\/www.erfrees.ee\/?page_id=8","og_locale":"et_EE","og_type":"article","og_title":"Firmast - erFrees","og_description":"ER Frees O\u00dc on 100% eesti kapitalil p\u00f5hinev ettev\u00f5te, mis tegutseb aastast 1989.Teil on v\u00f5imalik tellida \u00fchest kohast kogu korteri, eramu v\u00f5i \u00e4rihoone sisustuse, lisaks veel uksed, aknad ja trepid. Pakume omapoolset abi ja n\u00f5uandeid Teile parima lahenduse leidmiseks. Meie kogemustega n\u00f5ustajad ootavad Teid Betooni tn.9, N\u00e4pi alevik, S\u00f5meru vald, tootmisesinduses. Vajadusel tuleme koju v\u00f5i [&hellip;]","og_url":"https:\/\/www.erfrees.ee\/?page_id=8","og_site_name":"erFrees","article_modified_time":"2014-08-28T11:15:00+00:00","og_image":[{"url":"http:\/\/www.erfrees.ee\/wp-content\/uploads\/2014\/08\/ribbon_3.jpg","type":"","width":"","height":""}],"twitter_card":"summary_large_image","twitter_misc":{"Est. reading time":"2 minutit"},"schema":{"@context":"https:\/\/schema.org","@graph":[{"@type":"WebPage","@id":"https:\/\/www.erfrees.ee\/?page_id=8","url":"https:\/\/www.erfrees.ee\/?page_id=8","name":"Firmast - erFrees","isPartOf":{"@id":"https:\/\/www.erfrees.ee\/#website"},"primaryImageOfPage":{"@id":"https:\/\/www.erfrees.ee\/?page_id=8#primaryimage"},"image":{"@id":"https:\/\/www.erfrees.ee\/?page_id=8#primaryimage"},"thumbnailUrl":"http:\/\/www.erfrees.ee\/wp-content\/uploads\/2014\/08\/ribbon_3.jpg","datePublished":"2012-10-02T16:48:45+00:00","dateModified":"2014-08-28T11:15:00+00:00","breadcrumb":{"@id":"https:\/\/www.erfrees.ee\/?page_id=8#breadcrumb"},"inLanguage":"et","potentialAction":[{"@type":"ReadAction","target":["https:\/\/www.erfrees.ee\/?page_id=8"]}]},{"@type":"ImageObject","inLanguage":"et","@id":"https:\/\/www.erfrees.ee\/?page_id=8#primaryimage","url":"http:\/\/www.erfrees.ee\/wp-content\/uploads\/2014\/08\/ribbon_3.jpg","contentUrl":"http:\/\/www.erfrees.ee\/wp-content\/uploads\/2014\/08\/ribbon_3.jpg"},{"@type":"BreadcrumbList","@id":"https:\/\/www.erfrees.ee\/?page_id=8#breadcrumb","itemListElement":[{"@type":"ListItem","position":1,"name":"Home","item":"https:\/\/www.erfrees.ee\/"},{"@type":"ListItem","position":2,"name":"Firmast"}]},{"@type":"WebSite","@id":"https:\/\/www.erfrees.ee\/#website","url":"https:\/\/www.erfrees.ee\/","name":"erFrees","description":"","potentialAction":[{"@type":"SearchAction","target":{"@type":"EntryPoint","urlTemplate":"https:\/\/www.erfrees.ee\/?s={search_term_string}"},"query-input":{"@type":"PropertyValueSpecification","valueRequired":true,"valueName":"search_term_string"}}],"inLanguage":"et"}]}},"_links":{"self":[{"href":"https:\/\/www.erfrees.ee\/index.php?rest_route=\/wp\/v2\/pages\/8","targetHints":{"allow":["GET"]}}],"collection":[{"href":"https:\/\/www.erfrees.ee\/index.php?rest_route=\/wp\/v2\/pages"}],"about":[{"href":"https:\/\/www.erfrees.ee\/index.php?rest_route=\/wp\/v2\/types\/page"}],"author":[{"embeddable":true,"href":"https:\/\/www.erfrees.ee\/index.php?rest_route=\/wp\/v2\/users\/1"}],"replies":[{"embeddable":true,"href":"https:\/\/www.erfrees.ee\/index.php?rest_route=%2Fwp%2Fv2%2Fcomments&post=8"}],"version-history":[{"count":5,"href":"https:\/\/www.erfrees.ee\/index.php?rest_route=\/wp\/v2\/pages\/8\/revisions"}],"predecessor-version":[{"id":580,"href":"https:\/\/www.erfrees.ee\/index.php?rest_route=\/wp\/v2\/pages\/8\/revisions\/580"}],"wp:attachment":[{"href":"https:\/\/www.erfrees.ee\/index.php?rest_route=%2Fwp%2Fv2%2Fmedia&parent=8"}],"curies":[{"name":"wp","href":"https:\/\/api.w.org\/{rel}","templated":true}]}}